{"id":1451,"date":"2022-01-27T01:06:36","date_gmt":"2022-01-27T00:06:36","guid":{"rendered":"https:\/\/traductorjuradoeikatrad.es\/contacto\/"},"modified":"2022-05-18T12:51:41","modified_gmt":"2022-05-18T11:51:41","slug":"contacte","status":"publish","type":"page","link":"https:\/\/traductorjuradoeikatrad.es\/ca\/contacte\/","title":{"rendered":"Contacte"},"content":{"rendered":"\t\t<div data-elementor-type=\"wp-page\" data-elementor-id=\"1451\" class=\"elementor elementor-1451\">\n\t\t\t\t\t\t<section class=\"elementor-section elementor-top-section elementor-element elementor-element-473f6263 elementor-section-boxed elementor-section-height-default elementor-section-height-default\" data-id=\"473f6263\" data-element_type=\"section\" data-e-type=\"section\" data-settings=\"{&quot;background_background&quot;:&quot;classic&quot;}\">\n\t\t\t\t\t\t<div class=\"elementor-container elementor-column-gap-default\">\n\t\t\t\t\t<div class=\"elementor-column elementor-col-100 elementor-top-column elementor-element elementor-element-86353fa\" data-id=\"86353fa\" data-element_type=\"column\" data-e-type=\"column\">\n\t\t\t<div class=\"elementor-widget-wrap elementor-element-populated\">\n\t\t\t\t\t\t<section class=\"elementor-section elementor-inner-section elementor-element elementor-element-5c1bb2fe elementor-section-boxed elementor-section-height-default elementor-section-height-default elementor-invisible\" data-id=\"5c1bb2fe\" data-element_type=\"section\" data-e-type=\"section\" data-settings=\"{&quot;animation&quot;:&quot;fadeIn&quot;,&quot;animation_delay&quot;:200}\">\n\t\t\t\t\t\t<div class=\"elementor-container elementor-column-gap-default\">\n\t\t\t\t\t<div class=\"elementor-column elementor-col-100 elementor-inner-column elementor-element elementor-element-3fd8a11f\" data-id=\"3fd8a11f\" data-element_type=\"column\" data-e-type=\"column\">\n\t\t\t<div class=\"elementor-widget-wrap elementor-element-populated\">\n\t\t\t\t\t\t<div class=\"elementor-element elementor-element-36bfb6ec elementor-widget elementor-widget-heading\" data-id=\"36bfb6ec\" data-element_type=\"widget\" data-e-type=\"widget\" data-widget_type=\"heading.default\">\n\t\t\t\t<div class=\"elementor-widget-container\">\n\t\t\t\t\t<h1 class=\"elementor-heading-title elementor-size-default\">Contacte<\/h1>\t\t\t\t<\/div>\n\t\t\t\t<\/div>\n\t\t\t\t<div class=\"elementor-element elementor-element-4982a022 elementor-widget elementor-widget-google_maps\" data-id=\"4982a022\" data-element_type=\"widget\" data-e-type=\"widget\" data-widget_type=\"google_maps.default\">\n\t\t\t\t<div class=\"elementor-widget-container\">\n\t\t\t\t\t\t\t<div class=\"elementor-custom-embed\">\n\t\t\t<iframe loading=\"lazy\"\n\t\t\t\t\tsrc=\"https:\/\/maps.google.com\/maps?q=Pla%C3%A7a%20Universitat%2C%203%20Barcelona&#038;t=m&#038;z=15&#038;output=embed&#038;iwloc=near\"\n\t\t\t\t\ttitle=\"Pla\u00e7a Universitat, 3 Barcelona\"\n\t\t\t\t\taria-label=\"Pla\u00e7a Universitat, 3 Barcelona\"\n\t\t\t><\/iframe>\n\t\t<\/div>\n\t\t\t\t\t\t<\/div>\n\t\t\t\t<\/div>\n\t\t\t\t\t<\/div>\n\t\t<\/div>\n\t\t\t\t\t<\/div>\n\t\t<\/section>\n\t\t\t\t\t<\/div>\n\t\t<\/div>\n\t\t\t\t\t<\/div>\n\t\t<\/section>\n\t\t\t\t<section class=\"elementor-section elementor-top-section elementor-element elementor-element-18fccaef elementor-section-boxed elementor-section-height-default elementor-section-height-default\" data-id=\"18fccaef\" data-element_type=\"section\" data-e-type=\"section\" data-settings=\"{&quot;background_background&quot;:&quot;classic&quot;}\">\n\t\t\t\t\t\t<div class=\"elementor-container elementor-column-gap-default\">\n\t\t\t\t\t<div class=\"elementor-column elementor-col-50 elementor-top-column elementor-element elementor-element-8a29a1f elementor-invisible\" data-id=\"8a29a1f\" data-element_type=\"column\" data-e-type=\"column\" data-settings=\"{&quot;animation&quot;:&quot;fadeInUp&quot;,&quot;animation_delay&quot;:200}\">\n\t\t\t<div class=\"elementor-widget-wrap elementor-element-populated\">\n\t\t\t\t\t\t<div class=\"elementor-element elementor-element-46e040f7 elementor-widget elementor-widget-heading\" data-id=\"46e040f7\" data-element_type=\"widget\" data-e-type=\"widget\" data-widget_type=\"heading.default\">\n\t\t\t\t<div class=\"elementor-widget-container\">\n\t\t\t\t\t<h5 class=\"elementor-heading-title elementor-size-default\">Direcci\u00f3:<\/h5>\t\t\t\t<\/div>\n\t\t\t\t<\/div>\n\t\t\t\t<div class=\"elementor-element elementor-element-39110a9 elementor-widget elementor-widget-heading\" data-id=\"39110a9\" data-element_type=\"widget\" data-e-type=\"widget\" data-widget_type=\"heading.default\">\n\t\t\t\t<div class=\"elementor-widget-container\">\n\t\t\t\t\t<h4 class=\"elementor-heading-title elementor-size-default\">Pla\u00e7a Universitat, 3 6\u00aa Planta. 08007 \u2013 Barcelona<\/h4>\t\t\t\t<\/div>\n\t\t\t\t<\/div>\n\t\t\t\t<div class=\"elementor-element elementor-element-793faa20 elementor-widget elementor-widget-heading\" data-id=\"793faa20\" data-element_type=\"widget\" data-e-type=\"widget\" data-widget_type=\"heading.default\">\n\t\t\t\t<div class=\"elementor-widget-container\">\n\t\t\t\t\t<h5 class=\"elementor-heading-title elementor-size-default\">Tel\u00e8fon:<\/h5>\t\t\t\t<\/div>\n\t\t\t\t<\/div>\n\t\t\t\t<div class=\"elementor-element elementor-element-1075e84 elementor-widget elementor-widget-heading\" data-id=\"1075e84\" data-element_type=\"widget\" data-e-type=\"widget\" data-widget_type=\"heading.default\">\n\t\t\t\t<div class=\"elementor-widget-container\">\n\t\t\t\t\t<h4 class=\"elementor-heading-title elementor-size-default\"><a href=\"tel:+0800123454567\">+34 935 218 065<\/a><\/h4>\t\t\t\t<\/div>\n\t\t\t\t<\/div>\n\t\t\t\t<div class=\"elementor-element elementor-element-16b759e1 elementor-widget elementor-widget-heading\" data-id=\"16b759e1\" data-element_type=\"widget\" data-e-type=\"widget\" data-widget_type=\"heading.default\">\n\t\t\t\t<div class=\"elementor-widget-container\">\n\t\t\t\t\t<h5 class=\"elementor-heading-title elementor-size-default\">Correu:<\/h5>\t\t\t\t<\/div>\n\t\t\t\t<\/div>\n\t\t\t\t<div class=\"elementor-element elementor-element-359fb7f4 elementor-widget elementor-widget-heading\" data-id=\"359fb7f4\" data-element_type=\"widget\" data-e-type=\"widget\" data-widget_type=\"heading.default\">\n\t\t\t\t<div class=\"elementor-widget-container\">\n\t\t\t\t\t<h4 class=\"elementor-heading-title elementor-size-default\"><a href=\"mailto:info@eikatrad.com\">info@eikatrad.com<\/a><\/h4>\t\t\t\t<\/div>\n\t\t\t\t<\/div>\n\t\t\t\t<div class=\"elementor-element elementor-element-7f08f84a e-grid-align-left elementor-shape-rounded elementor-grid-0 elementor-widget elementor-widget-social-icons\" data-id=\"7f08f84a\" data-element_type=\"widget\" data-e-type=\"widget\" data-widget_type=\"social-icons.default\">\n\t\t\t\t<div class=\"elementor-widget-container\">\n\t\t\t\t\t\t\t<div class=\"elementor-social-icons-wrapper elementor-grid\" role=\"list\">\n\t\t\t\t\t\t\t<span class=\"elementor-grid-item\" role=\"listitem\">\n\t\t\t\t\t<a class=\"elementor-icon elementor-social-icon elementor-social-icon-facebook-f elementor-repeater-item-2b5e620\" target=\"_blank\">\n\t\t\t\t\t\t<span class=\"elementor-screen-only\">Facebook-f<\/span>\n\t\t\t\t\t\t<i aria-hidden=\"true\" class=\"fab fa-facebook-f\"><\/i>\t\t\t\t\t<\/a>\n\t\t\t\t<\/span>\n\t\t\t\t\t\t\t<span class=\"elementor-grid-item\" role=\"listitem\">\n\t\t\t\t\t<a class=\"elementor-icon elementor-social-icon elementor-social-icon-instagram elementor-repeater-item-a244624\" target=\"_blank\">\n\t\t\t\t\t\t<span class=\"elementor-screen-only\">Instagram<\/span>\n\t\t\t\t\t\t<i aria-hidden=\"true\" class=\"fab fa-instagram\"><\/i>\t\t\t\t\t<\/a>\n\t\t\t\t<\/span>\n\t\t\t\t\t\t\t<span class=\"elementor-grid-item\" role=\"listitem\">\n\t\t\t\t\t<a class=\"elementor-icon elementor-social-icon elementor-social-icon-twitter elementor-repeater-item-8eca30a\" target=\"_blank\">\n\t\t\t\t\t\t<span class=\"elementor-screen-only\">Twitter<\/span>\n\t\t\t\t\t\t<i aria-hidden=\"true\" class=\"fab fa-twitter\"><\/i>\t\t\t\t\t<\/a>\n\t\t\t\t<\/span>\n\t\t\t\t\t<\/div>\n\t\t\t\t\t\t<\/div>\n\t\t\t\t<\/div>\n\t\t\t\t\t<\/div>\n\t\t<\/div>\n\t\t\t\t<div class=\"elementor-column elementor-col-50 elementor-top-column elementor-element elementor-element-78b2657 elementor-invisible\" data-id=\"78b2657\" data-element_type=\"column\" data-e-type=\"column\" data-settings=\"{&quot;animation&quot;:&quot;fadeInUp&quot;,&quot;animation_delay&quot;:400}\">\n\t\t\t<div class=\"elementor-widget-wrap elementor-element-populated\">\n\t\t\t\t\t\t<div class=\"elementor-element elementor-element-1b25ed6 elementor-widget elementor-widget-heading\" data-id=\"1b25ed6\" data-element_type=\"widget\" data-e-type=\"widget\" data-widget_type=\"heading.default\">\n\t\t\t\t<div class=\"elementor-widget-container\">\n\t\t\t\t\t<h3 class=\"elementor-heading-title elementor-size-default\">Contacte amb nosaltres<\/h3>\t\t\t\t<\/div>\n\t\t\t\t<\/div>\n\t\t\t\t<div class=\"elementor-element elementor-element-d6970fc elementor-widget elementor-widget-text-editor\" data-id=\"d6970fc\" data-element_type=\"widget\" data-e-type=\"widget\" data-widget_type=\"text-editor.default\">\n\t\t\t\t<div class=\"elementor-widget-container\">\n\t\t\t\t\t\t\t\t\t<div class=\" vc_custom_1527073177879\"><div id=\"text-block-13\" class=\"mk-text-block jupiter-donut- \"><p data-fontsize=\"18\" data-lineheight=\"30\">Si vols fer-nos alguna consulta, obtenir informaci\u00f3 sobre tarifes o con\u00e8ixer m\u00e9s de prop tots els nostres serveis, omple el seg\u00fcent formulari i ens posarem en contacte amb tu. Tamb\u00e9 podeu contactar amb nosaltres a trav\u00e9s de les nostres dades de contacte.<\/p><\/div><\/div>\t\t\t\t\t\t\t\t<\/div>\n\t\t\t\t<\/div>\n\t\t\t\t<div class=\"elementor-element elementor-element-e7139c3 elementor-button-align-start elementor-tablet-button-align-start elementor-widget elementor-widget-form\" data-id=\"e7139c3\" data-element_type=\"widget\" data-e-type=\"widget\" data-settings=\"{&quot;button_width&quot;:&quot;50&quot;,&quot;button_width_tablet&quot;:&quot;100&quot;,&quot;step_next_label&quot;:&quot;Siguiente&quot;,&quot;step_previous_label&quot;:&quot;Anterior&quot;,&quot;step_type&quot;:&quot;number_text&quot;,&quot;step_icon_shape&quot;:&quot;circle&quot;}\" data-widget_type=\"form.default\">\n\t\t\t\t<div class=\"elementor-widget-container\">\n\t\t\t\t\t\t\t<form class=\"elementor-form\" method=\"post\" name=\"Contact form\">\n\t\t\t<input type=\"hidden\" name=\"post_id\" value=\"1451\"\/>\n\t\t\t<input type=\"hidden\" name=\"form_id\" value=\"e7139c3\"\/>\n\t\t\t<input type=\"hidden\" name=\"referer_title\" value=\"Eikatrad\" \/>\n\n\t\t\t\n\t\t\t<div class=\"elementor-form-fields-wrapper elementor-labels-\">\n\t\t\t\t\t\t\t\t<div class=\"elementor-field-type-text elementor-field-group elementor-column elementor-field-group-name elementor-col-50\">\n\t\t\t\t\t\t\t\t\t\t\t\t\t<input size=\"1\" type=\"text\" name=\"form_fields[name]\" id=\"form-field-name\" class=\"elementor-field elementor-size-sm  elementor-field-textual\" placeholder=\"Nom\">\n\t\t\t\t\t\t\t\t\t\t\t<\/div>\n\t\t\t\t\t\t\t\t<div class=\"elementor-field-type-email elementor-field-group elementor-column elementor-field-group-email elementor-col-50 elementor-field-required\">\n\t\t\t\t\t\t\t\t\t\t\t\t\t<input size=\"1\" type=\"email\" name=\"form_fields[email]\" id=\"form-field-email\" class=\"elementor-field elementor-size-sm  elementor-field-textual\" placeholder=\"Correu\" required=\"required\" aria-required=\"true\">\n\t\t\t\t\t\t\t\t\t\t\t<\/div>\n\t\t\t\t\t\t\t\t<div class=\"elementor-field-type-text elementor-field-group elementor-column elementor-field-group-field_1 elementor-col-100\">\n\t\t\t\t\t\t\t\t\t\t\t\t\t<input size=\"1\" type=\"text\" name=\"form_fields[field_1]\" id=\"form-field-field_1\" class=\"elementor-field elementor-size-sm  elementor-field-textual\" placeholder=\"Assumpte\">\n\t\t\t\t\t\t\t\t\t\t\t<\/div>\n\t\t\t\t\t\t\t\t<div class=\"elementor-field-type-textarea elementor-field-group elementor-column elementor-field-group-message elementor-col-100\">\n\t\t\t\t\t<textarea class=\"elementor-field-textual elementor-field  elementor-size-sm\" name=\"form_fields[message]\" id=\"form-field-message\" rows=\"4\" placeholder=\"Missatge\"><\/textarea>\t\t\t\t<\/div>\n\t\t\t\t\t\t\t\t<div class=\"elementor-field-type-recaptcha elementor-field-group elementor-column elementor-field-group-field_53b1b82 elementor-col-100\">\n\t\t\t\t\t<div class=\"elementor-field\" id=\"form-field-field_53b1b82\"><div class=\"elementor-g-recaptcha\" data-sitekey=\"6LcWkPwfAAAAAC3SdywrdM2IjnDjOJ4Ip7q5pOuA\" data-type=\"v2_checkbox\" data-theme=\"light\" data-size=\"normal\"><\/div><\/div>\t\t\t\t<\/div>\n\t\t\t\t\t\t\t\t<div class=\"elementor-field-group elementor-column elementor-field-type-submit elementor-col-50 e-form__buttons elementor-md-100\">\n\t\t\t\t\t<button type=\"submit\" class=\"elementor-button elementor-size-sm\">\n\t\t\t\t\t\t<span >\n\t\t\t\t\t\t\t\t\t\t\t\t\t\t\t<span class=\" elementor-button-icon\">\n\t\t\t\t\t\t\t\t\t\t\t\t\t\t\t\t\t\t\t\t\t\t\t\t\t\t<\/span>\n\t\t\t\t\t\t\t\t\t\t\t\t\t\t\t\t\t\t\t\t\t\t<span class=\"elementor-button-text\">Enviar<\/span>\n\t\t\t\t\t\t\t\t\t\t\t\t\t<\/span>\n\t\t\t\t\t<\/button>\n\t\t\t\t<\/div>\n\t\t\t<\/div>\n\t\t<\/form>\n\t\t\t\t\t\t<\/div>\n\t\t\t\t<\/div>\n\t\t\t\t\t<\/div>\n\t\t<\/div>\n\t\t\t\t\t<\/div>\n\t\t<\/section>\n\t\t\t\t<\/div>\n\t\t","protected":false},"excerpt":{"rendered":"<p>Contacte Direcci\u00f3: Pla\u00e7a Universitat, 3 6\u00aa Planta. 08007 \u2013 Barcelona Tel\u00e8fon: +34 935 218 065 Correu: info@eikatrad.com Facebook-f Instagram Twitter Contacte amb nosaltres Si vols fer-nos alguna consulta, obtenir informaci\u00f3 sobre tarifes o con\u00e8ixer m\u00e9s de prop tots els nostres serveis, omple el seg\u00fcent formulari i ens posarem en contacte amb tu. Tamb\u00e9 podeu contactar &#8230; <a title=\"Contacte\" class=\"read-more\" href=\"https:\/\/traductorjuradoeikatrad.es\/ca\/contacte\/\" aria-label=\"More on Contacte\">Read more<\/a><\/p>\n","protected":false},"author":1,"featured_media":0,"parent":0,"menu_order":0,"comment_status":"closed","ping_status":"closed","template":"elementor_header_footer","meta":{"footnotes":""},"class_list":["post-1451","page","type-page","status-publish"],"yoast_head":"<!-- This site is optimized with the Yoast SEO plugin v27.5 - https:\/\/yoast.com\/product\/yoast-seo-wordpress\/ -->\n<title>Contacte - Eikatrad<\/title>\n<meta name=\"robots\" content=\"index, follow, max-snippet:-1, max-image-preview:large, max-video-preview:-1\" \/>\n<link rel=\"canonical\" href=\"https:\/\/traductorjuradoeikatrad.es\/ca\/contacte\/\" \/>\n<meta property=\"og:locale\" content=\"ca_ES\" \/>\n<meta property=\"og:type\" content=\"article\" \/>\n<meta property=\"og:title\" content=\"Contacte - Eikatrad\" \/>\n<meta property=\"og:description\" content=\"Contacte Direcci\u00f3: Pla\u00e7a Universitat, 3 6\u00aa Planta. 08007 \u2013 Barcelona Tel\u00e8fon: +34 935 218 065 Correu: info@eikatrad.com Facebook-f Instagram Twitter Contacte amb nosaltres Si vols fer-nos alguna consulta, obtenir informaci\u00f3 sobre tarifes o con\u00e8ixer m\u00e9s de prop tots els nostres serveis, omple el seg\u00fcent formulari i ens posarem en contacte amb tu. Tamb\u00e9 podeu contactar ... Read more\" \/>\n<meta property=\"og:url\" content=\"https:\/\/traductorjuradoeikatrad.es\/ca\/contacte\/\" \/>\n<meta property=\"og:site_name\" content=\"Eikatrad\" \/>\n<meta property=\"article:modified_time\" content=\"2022-05-18T11:51:41+00:00\" \/>\n<meta name=\"twitter:card\" content=\"summary_large_image\" \/>\n<meta name=\"twitter:label1\" content=\"Temps estimat de lectura\" \/>\n\t<meta name=\"twitter:data1\" content=\"1 minut\" \/>\n<script type=\"application\/ld+json\" class=\"yoast-schema-graph\">{\"@context\":\"https:\\\/\\\/schema.org\",\"@graph\":[{\"@type\":\"WebPage\",\"@id\":\"https:\\\/\\\/traductorjuradoeikatrad.es\\\/ca\\\/contacte\\\/\",\"url\":\"https:\\\/\\\/traductorjuradoeikatrad.es\\\/ca\\\/contacte\\\/\",\"name\":\"Contacte - Eikatrad\",\"isPartOf\":{\"@id\":\"https:\\\/\\\/traductorjuradoeikatrad.es\\\/#website\"},\"datePublished\":\"2022-01-27T00:06:36+00:00\",\"dateModified\":\"2022-05-18T11:51:41+00:00\",\"inLanguage\":\"ca\",\"potentialAction\":[{\"@type\":\"ReadAction\",\"target\":[\"https:\\\/\\\/traductorjuradoeikatrad.es\\\/ca\\\/contacte\\\/\"]}]},{\"@type\":\"WebSite\",\"@id\":\"https:\\\/\\\/traductorjuradoeikatrad.es\\\/#website\",\"url\":\"https:\\\/\\\/traductorjuradoeikatrad.es\\\/\",\"name\":\"Eikatrad\",\"description\":\"\",\"publisher\":{\"@id\":\"https:\\\/\\\/traductorjuradoeikatrad.es\\\/#organization\"},\"potentialAction\":[{\"@type\":\"SearchAction\",\"target\":{\"@type\":\"EntryPoint\",\"urlTemplate\":\"https:\\\/\\\/traductorjuradoeikatrad.es\\\/?s={search_term_string}\"},\"query-input\":{\"@type\":\"PropertyValueSpecification\",\"valueRequired\":true,\"valueName\":\"search_term_string\"}}],\"inLanguage\":\"ca\"},{\"@type\":\"Organization\",\"@id\":\"https:\\\/\\\/traductorjuradoeikatrad.es\\\/#organization\",\"name\":\"Traductor jurado Eikatrad\",\"url\":\"https:\\\/\\\/traductorjuradoeikatrad.es\\\/\",\"logo\":{\"@type\":\"ImageObject\",\"inLanguage\":\"ca\",\"@id\":\"https:\\\/\\\/traductorjuradoeikatrad.es\\\/#\\\/schema\\\/logo\\\/image\\\/\",\"url\":\"https:\\\/\\\/traductorjuradoeikatrad.es\\\/wp-content\\\/uploads\\\/2022\\\/03\\\/logo-eikatrad.png\",\"contentUrl\":\"https:\\\/\\\/traductorjuradoeikatrad.es\\\/wp-content\\\/uploads\\\/2022\\\/03\\\/logo-eikatrad.png\",\"width\":510,\"height\":142,\"caption\":\"Traductor jurado Eikatrad\"},\"image\":{\"@id\":\"https:\\\/\\\/traductorjuradoeikatrad.es\\\/#\\\/schema\\\/logo\\\/image\\\/\"}}]}<\/script>\n<!-- \/ Yoast SEO plugin. -->","yoast_head_json":{"title":"Contacte - Eikatrad","robots":{"index":"index","follow":"follow","max-snippet":"max-snippet:-1","max-image-preview":"max-image-preview:large","max-video-preview":"max-video-preview:-1"},"canonical":"https:\/\/traductorjuradoeikatrad.es\/ca\/contacte\/","og_locale":"ca_ES","og_type":"article","og_title":"Contacte - Eikatrad","og_description":"Contacte Direcci\u00f3: Pla\u00e7a Universitat, 3 6\u00aa Planta. 08007 \u2013 Barcelona Tel\u00e8fon: +34 935 218 065 Correu: info@eikatrad.com Facebook-f Instagram Twitter Contacte amb nosaltres Si vols fer-nos alguna consulta, obtenir informaci\u00f3 sobre tarifes o con\u00e8ixer m\u00e9s de prop tots els nostres serveis, omple el seg\u00fcent formulari i ens posarem en contacte amb tu. Tamb\u00e9 podeu contactar ... Read more","og_url":"https:\/\/traductorjuradoeikatrad.es\/ca\/contacte\/","og_site_name":"Eikatrad","article_modified_time":"2022-05-18T11:51:41+00:00","twitter_card":"summary_large_image","twitter_misc":{"Temps estimat de lectura":"1 minut"},"schema":{"@context":"https:\/\/schema.org","@graph":[{"@type":"WebPage","@id":"https:\/\/traductorjuradoeikatrad.es\/ca\/contacte\/","url":"https:\/\/traductorjuradoeikatrad.es\/ca\/contacte\/","name":"Contacte - Eikatrad","isPartOf":{"@id":"https:\/\/traductorjuradoeikatrad.es\/#website"},"datePublished":"2022-01-27T00:06:36+00:00","dateModified":"2022-05-18T11:51:41+00:00","inLanguage":"ca","potentialAction":[{"@type":"ReadAction","target":["https:\/\/traductorjuradoeikatrad.es\/ca\/contacte\/"]}]},{"@type":"WebSite","@id":"https:\/\/traductorjuradoeikatrad.es\/#website","url":"https:\/\/traductorjuradoeikatrad.es\/","name":"Eikatrad","description":"","publisher":{"@id":"https:\/\/traductorjuradoeikatrad.es\/#organization"},"potentialAction":[{"@type":"SearchAction","target":{"@type":"EntryPoint","urlTemplate":"https:\/\/traductorjuradoeikatrad.es\/?s={search_term_string}"},"query-input":{"@type":"PropertyValueSpecification","valueRequired":true,"valueName":"search_term_string"}}],"inLanguage":"ca"},{"@type":"Organization","@id":"https:\/\/traductorjuradoeikatrad.es\/#organization","name":"Traductor jurado Eikatrad","url":"https:\/\/traductorjuradoeikatrad.es\/","logo":{"@type":"ImageObject","inLanguage":"ca","@id":"https:\/\/traductorjuradoeikatrad.es\/#\/schema\/logo\/image\/","url":"https:\/\/traductorjuradoeikatrad.es\/wp-content\/uploads\/2022\/03\/logo-eikatrad.png","contentUrl":"https:\/\/traductorjuradoeikatrad.es\/wp-content\/uploads\/2022\/03\/logo-eikatrad.png","width":510,"height":142,"caption":"Traductor jurado Eikatrad"},"image":{"@id":"https:\/\/traductorjuradoeikatrad.es\/#\/schema\/logo\/image\/"}}]}},"_links":{"self":[{"href":"https:\/\/traductorjuradoeikatrad.es\/ca\/wp-json\/wp\/v2\/pages\/1451","targetHints":{"allow":["GET"]}}],"collection":[{"href":"https:\/\/traductorjuradoeikatrad.es\/ca\/wp-json\/wp\/v2\/pages"}],"about":[{"href":"https:\/\/traductorjuradoeikatrad.es\/ca\/wp-json\/wp\/v2\/types\/page"}],"author":[{"embeddable":true,"href":"https:\/\/traductorjuradoeikatrad.es\/ca\/wp-json\/wp\/v2\/users\/1"}],"replies":[{"embeddable":true,"href":"https:\/\/traductorjuradoeikatrad.es\/ca\/wp-json\/wp\/v2\/comments?post=1451"}],"version-history":[{"count":0,"href":"https:\/\/traductorjuradoeikatrad.es\/ca\/wp-json\/wp\/v2\/pages\/1451\/revisions"}],"wp:attachment":[{"href":"https:\/\/traductorjuradoeikatrad.es\/ca\/wp-json\/wp\/v2\/media?parent=1451"}],"curies":[{"name":"wp","href":"https:\/\/api.w.org\/{rel}","templated":true}]}}